{"id":40,"date":"2025-08-01T22:14:31","date_gmt":"2025-08-01T22:14:31","guid":{"rendered":"https:\/\/icipause.com\/?page_id=40"},"modified":"2025-09-16T08:51:29","modified_gmt":"2025-09-16T08:51:29","slug":"icipause-pour-les-entreprises","status":"publish","type":"page","link":"https:\/\/icipause.com\/index.php\/icipause-pour-les-entreprises\/","title":{"rendered":"ICIPAUSE pour les entreprises"},"content":{"rendered":"\n<div class=\"wp-block-group alignwide has-global-padding is-layout-constrained wp-block-group-is-layout-constrained\"><nav class=\"has-text-color has-base-color has-background has-accent-4-background-color is-responsive alignwide wp-block-navigation is-layout-flex wp-block-navigation-is-layout-flex\" aria-label=\"Menu\" \n\t\t data-wp-interactive=\"core\/navigation\" data-wp-context='{\"overlayOpenedBy\":{\"click\":false,\"hover\":false,\"focus\":false},\"type\":\"overlay\",\"roleAttribute\":\"\",\"ariaLabel\":\"Menu\"}'><button aria-haspopup=\"dialog\" aria-label=\"Ouvrir le menu\" class=\"wp-block-navigation__responsive-container-open\" \n\t\t\t\tdata-wp-on--click=\"actions.openMenuOnClick\"\n\t\t\t\tdata-wp-on--keydown=\"actions.handleMenuKeydown\"\n\t\t\t><svg width=\"24\" height=\"24\" xmlns=\"http:\/\/www.w3.org\/2000\/svg\" viewBox=\"0 0 24 24\"><path d=\"M5 5v1.5h14V5H5z\"><\/path><path d=\"M5 12.8h14v-1.5H5v1.5z\"><\/path><path d=\"M5 19h14v-1.5H5V19z\"><\/path><\/svg><\/button>\n\t\t\t\t<div class=\"wp-block-navigation__responsive-container\"  id=\"modal-1\" \n\t\t\t\tdata-wp-class--has-modal-open=\"state.isMenuOpen\"\n\t\t\t\tdata-wp-class--is-menu-open=\"state.isMenuOpen\"\n\t\t\t\tdata-wp-watch=\"callbacks.initMenu\"\n\t\t\t\tdata-wp-on--keydown=\"actions.handleMenuKeydown\"\n\t\t\t\tdata-wp-on--focusout=\"actions.handleMenuFocusout\"\n\t\t\t\ttabindex=\"-1\"\n\t\t\t>\n\t\t\t\t\t<div class=\"wp-block-navigation__responsive-close\" tabindex=\"-1\">\n\t\t\t\t\t\t<div class=\"wp-block-navigation__responsive-dialog\" \n\t\t\t\tdata-wp-bind--aria-modal=\"state.ariaModal\"\n\t\t\t\tdata-wp-bind--aria-label=\"state.ariaLabel\"\n\t\t\t\tdata-wp-bind--role=\"state.roleAttribute\"\n\t\t\t>\n\t\t\t\t\t\t\t<button aria-label=\"Fermer le menu\" class=\"wp-block-navigation__responsive-container-close\" \n\t\t\t\tdata-wp-on--click=\"actions.closeMenuOnClick\"\n\t\t\t><svg xmlns=\"http:\/\/www.w3.org\/2000\/svg\" viewBox=\"0 0 24 24\" width=\"24\" height=\"24\" aria-hidden=\"true\" focusable=\"false\"><path d=\"m13.06 12 6.47-6.47-1.06-1.06L12 10.94 5.53 4.47 4.47 5.53 10.94 12l-6.47 6.47 1.06 1.06L12 13.06l6.47 6.47 1.06-1.06L13.06 12Z\"><\/path><\/svg><\/button>\n\t\t\t\t\t\t\t<div class=\"wp-block-navigation__responsive-container-content\" \n\t\t\t\tdata-wp-watch=\"callbacks.focusFirstElement\"\n\t\t\t id=\"modal-1-content\">\n\t\t\t\t\t\t\t\t<ul class=\"wp-block-navigation__container has-text-color has-base-color has-background has-accent-4-background-color is-responsive alignwide wp-block-navigation\"><li class=\" wp-block-navigation-item wp-block-navigation-link\"><a class=\"wp-block-navigation-item__content\"  href=\"https:\/\/icipause.com\/index.php\/relaxation-oculaire\/\"><span class=\"wp-block-navigation-item__label\">Relaxation oculaire<\/span><\/a><\/li><li class=\" wp-block-navigation-item wp-block-navigation-link\"><a class=\"wp-block-navigation-item__content\"  href=\"https:\/\/icipause.com\/index.php\/sons-et-vibrations\/\"><span class=\"wp-block-navigation-item__label\">Sons et Vibrations<\/span><\/a><\/li><li class=\" wp-block-navigation-item wp-block-navigation-link\"><a class=\"wp-block-navigation-item__content\"  href=\"https:\/\/icipause.com\/index.php\/respiration-consciente\/\"><span class=\"wp-block-navigation-item__label\">Respiration Consciente<\/span><\/a><\/li><li class=\" wp-block-navigation-item wp-block-navigation-link\"><a class=\"wp-block-navigation-item__content\"  href=\"https:\/\/icipause.com\/index.php\/icipause-pour-les-entreprises\/\"><span class=\"wp-block-navigation-item__label\">Entreprises<\/span><\/a><\/li><li class=\" wp-block-navigation-item wp-block-navigation-link\"><a class=\"wp-block-navigation-item__content\"  href=\"https:\/\/icipause.com\/index.php\/la-ceremonie-du-the-gong-fu-cha\/\"><span class=\"wp-block-navigation-item__label\">C\u00e9r\u00e9monie du Th\u00e9<\/span><\/a><\/li><\/ul>\n\t\t\t\t\t\t\t<\/div>\n\t\t\t\t\t\t<\/div>\n\t\t\t\t\t<\/div>\n\t\t\t\t<\/div><\/nav><\/div>\n\n\n\n<div class=\"wp-block-group alignfull has-global-padding is-layout-constrained wp-block-group-is-layout-constrained\" style=\"margin-top:0;margin-bottom:0\">\n<div class=\"wp-block-columns alignfull is-layout-flex wp-container-core-columns-is-layout-9c22b1e3 wp-block-columns-is-layout-flex\">\n<div class=\"wp-block-column is-layout-flow wp-block-column-is-layout-flow\" style=\"flex-basis:55%\"><\/div>\n\n\n\n<div class=\"wp-block-column is-vertically-aligned-center is-layout-flow wp-block-column-is-layout-flow\" style=\"padding-top:var(--wp--preset--spacing--60);padding-right:var(--wp--preset--spacing--60);padding-bottom:var(--wp--preset--spacing--60);padding-left:var(--wp--preset--spacing--60)\">\n<h2 class=\"wp-block-heading has-xx-large-font-size\">R\u00e9duire la fatigue visuelle<\/h2>\n\n\n\n<p class=\"has-x-large-font-size\">moins de tension, plus de clart\u00e9 <br><\/p>\n\n\n\n<p class=\"has-medium-font-size\"><strong>La solution ICIPAUSE pour vos \u00e9quipes<\/strong><\/p>\n<\/div>\n<\/div>\n<\/div>\n\n\n\n<div class=\"wp-block-group alignfull has-global-padding is-layout-constrained wp-block-group-is-layout-constrained\" style=\"margin-top:0;margin-bottom:0;padding-top:var(--wp--preset--spacing--50);padding-bottom:var(--wp--preset--spacing--50)\">\n<div class=\"wp-block-columns alignwide is-layout-flex wp-container-core-columns-is-layout-fa584acd wp-block-columns-is-layout-flex\">\n<div class=\"wp-block-column is-vertically-aligned-center is-layout-flow wp-block-column-is-layout-flow\">\n<h2 class=\"wp-block-heading has-xx-large-font-size\">La fatigue visuelle en entreprise<\/h2>\n\n\n\n<p class=\"has-accent-1-background-color has-background has-x-large-font-size\">un enjeu majeur, un d\u00e9fi<\/p>\n\n\n\n<p class=\"has-medium-font-size\">Dans le monde professionnel, nos yeux sont soumis \u00e0 une sollicitation constante et intense. Des heures pass\u00e9es devant les \u00e9crans d&rsquo;ordinateurs, de tablettes et de smartphones ou d\u2019autres t\u00e2ches sont des facteurs majeurs de fatigue visuelle.<\/p>\n\n\n\n<p>Cette surexposition peut entra\u00eener une fatigue visuelle intense, des maux de t\u00eate, des douleurs cervicales et une diminution de la concentration. Ces sympt\u00f4mes affectent la productivit\u00e9, le bien-\u00eatre au travail des collaborateurs.<\/p>\n\n\n\n<p class=\"has-medium-font-size\">ICIPAUSE a identifi\u00e9 ce besoin crucial et propose une solution cibl\u00e9e et efficace pour pr\u00e9server la sant\u00e9 oculaire, et plus encore, de vos \u00e9quipes.<\/p>\n<\/div>\n\n\n\n<div class=\"wp-block-column is-vertically-aligned-center is-layout-flow wp-block-column-is-layout-flow\">\n<figure class=\"wp-block-image size-full\"><img loading=\"lazy\" decoding=\"async\" width=\"500\" height=\"500\" src=\"https:\/\/icipause.com\/wp-content\/uploads\/2025\/09\/hermescours.webp\" alt=\"\" class=\"wp-image-220\" srcset=\"https:\/\/icipause.com\/wp-content\/uploads\/2025\/09\/hermescours.webp 500w, https:\/\/icipause.com\/wp-content\/uploads\/2025\/09\/hermescours-300x300.webp 300w, https:\/\/icipause.com\/wp-content\/uploads\/2025\/09\/hermescours-150x150.webp 150w\" sizes=\"auto, (max-width: 500px) 100vw, 500px\" \/><\/figure>\n<\/div>\n<\/div>\n<\/div>\n\n\n\n<div class=\"wp-block-group alignfull has-global-padding is-layout-constrained wp-block-group-is-layout-constrained\" style=\"margin-top:0;margin-bottom:0\">\n<div class=\"wp-block-group alignwide is-layout-flow wp-container-core-group-is-layout-d58a0413 wp-block-group-is-layout-flow\" style=\"padding-top:var(--wp--preset--spacing--50);padding-bottom:var(--wp--preset--spacing--50)\">\n<h2 class=\"wp-block-heading has-x-large-font-size\">Notre r\u00e9ponse : La Relaxation oculaire adapt\u00e9e au milieu professionnel<\/h2>\n\n\n\n<p>ICIPAUSE adapte son expertise en relaxation oculaire sp\u00e9cifiquement pour les entreprises. Notre approche est con\u00e7ue pour :<\/p>\n\n\n\n<div class=\"wp-block-columns is-layout-flex wp-container-core-columns-is-layout-cbe57604 wp-block-columns-is-layout-flex\">\n<div class=\"wp-block-column is-layout-flow wp-block-column-is-layout-flow\">\n<div class=\"wp-block-group is-layout-flow wp-block-group-is-layout-flow\" style=\"border-top-color:var(--wp--preset--color--accent-6);border-top-width:1px;padding-top:var(--wp--preset--spacing--30);padding-bottom:var(--wp--preset--spacing--30)\">\n<h3 class=\"wp-block-heading\">Pr\u00e9venir et soulager la fatigue visuelle et les tensions<\/h3>\n\n\n\n<p>Apprendre \u00e0 vos collaborateurs \u00e0 rel\u00e2cher les tensions oculaires et les douleurs associ\u00e9es.<\/p>\n<\/div>\n<\/div>\n\n\n\n<div class=\"wp-block-column is-layout-flow wp-block-column-is-layout-flow\">\n<div class=\"wp-block-group is-layout-flow wp-block-group-is-layout-flow\" style=\"border-top-color:var(--wp--preset--color--accent-6);border-top-width:1px;padding-top:var(--wp--preset--spacing--30);padding-bottom:var(--wp--preset--spacing--30)\">\n<h3 class=\"wp-block-heading\">Am\u00e9liorer la concentration et l\u2019efficacit\u00e9<\/h3>\n\n\n\n<p>Des yeux repos\u00e9s favorisent une meilleure acuit\u00e9 visuelle et une concentration accrue, et par cons\u00e9quent une productivit\u00e9 optimis\u00e9e.<\/p>\n<\/div>\n<\/div>\n<\/div>\n\n\n\n<div class=\"wp-block-columns is-layout-flex wp-container-core-columns-is-layout-cbe57604 wp-block-columns-is-layout-flex\">\n<div class=\"wp-block-column is-layout-flow wp-block-column-is-layout-flow\">\n<div class=\"wp-block-group is-layout-flow wp-block-group-is-layout-flow\" style=\"border-top-color:var(--wp--preset--color--accent-6);border-top-width:1px;padding-top:var(--wp--preset--spacing--30);padding-bottom:var(--wp--preset--spacing--30)\">\n<p> R\u00e9duire le stress g\u00e9n\u00e9ral<\/p>\n\n\n\n<p>La relaxation oculaire a un effet apaisant sur l&rsquo;ensemble du syst\u00e8me nerveux, contribuant \u00e0 un environnement de travail plus serein.<\/p>\n<\/div>\n<\/div>\n\n\n\n<div class=\"wp-block-column is-layout-flow wp-block-column-is-layout-flow\">\n<div class=\"wp-block-group is-layout-flow wp-block-group-is-layout-flow\" style=\"border-top-color:var(--wp--preset--color--accent-6);border-top-width:1px;padding-top:var(--wp--preset--spacing--30);padding-bottom:var(--wp--preset--spacing--30)\">\n<h3 class=\"wp-block-heading\">Favoriser le bien-\u00eatre des collaborateurs<\/h3>\n\n\n\n<p>Offrir \u00e0 vos \u00e9quipes un outil concret pour prendre soin d&rsquo;eux et se sentir mieux au quotidien.<\/p>\n<\/div>\n<\/div>\n<\/div>\n<\/div>\n<\/div>\n\n\n\n<aside class=\"wp-block-group alignfull is-style-section-3 has-global-padding is-layout-constrained wp-container-core-group-is-layout-f0f2a97b wp-block-group-is-layout-constrained is-style-section-3--2\" style=\"margin-top:0;margin-bottom:0;padding-top:var(--wp--preset--spacing--50);padding-right:var(--wp--preset--spacing--50);padding-bottom:var(--wp--preset--spacing--50);padding-left:var(--wp--preset--spacing--50)\">\n<div class=\"wp-block-group is-vertical is-content-justification-center is-layout-flex wp-container-core-group-is-layout-8778ca4a wp-block-group-is-layout-flex\" style=\"min-height:360px;margin-top:0;margin-bottom:0\">\n<h2 class=\"wp-block-heading has-text-align-center has-xx-large-font-size\">Nos solutions d&rsquo;interventions flexibles<\/h2>\n\n\n\n<p class=\"has-text-align-left is-style-text-subtitle is-style-text-subtitle--3\">Nous proposons des ateliers de relaxation oculaire personnalisables pour s&rsquo;int\u00e9grer harmonieusement \u00e0 la vie de votre entreprise. Nos interventions peuvent prendre diverses formes :<\/p>\n\n\n\n<ul class=\"wp-block-list\">\n<li>Ateliers en groupe : Des sessions interactives et pratiques pour enseigner les techniques de relaxation oculaire \u00e0 l&rsquo;ensemble de vos \u00e9quipes. La dur\u00e9e est modulable (ex.1 heure) pour s&rsquo;adapter \u00e0 vos plannings.<\/li>\n\n\n\n<li>Programmes de formation continue et de suivi : mettre en place des pauses \u00ab\u00a0bien-\u00eatre visuel\u00a0\u00bb r\u00e9guli\u00e8res pour ancrer durablement les bonnes pratiques dans la journ\u00e9e, cr\u00e9er une culture du bien-\u00eatre.<\/li>\n\n\n\n<li>Sessions compl\u00e9mentaires en groupe en particulier : un accompagnement plus cibl\u00e9 pour les collaborateurs ayant des besoins sp\u00e9cifiques ou souhaitant un suivi personnalis\u00e9.<\/li>\n\n\n\n<li>Formats Hybrides : Que ce soit en pr\u00e9sentiel directement dans vos locaux, ou en visioconf\u00e9rence pour vos \u00e9quipes, nous nous adaptons \u00e0 votre organisation.<\/li>\n<\/ul>\n\n\n\n<p>Nos ateliers sont anim\u00e9s par Liliane, notre guide experte en relaxation. Elle transmet des techniques <strong>simples, douces et imm\u00e9diatement applicables<\/strong>, ne n\u00e9cessitant ni pr\u00e9-requis, ni mat\u00e9riel. Vos participants apprendront des gestes concrets \u00e0 reproduire facilement \u00e0 leur poste de travail, pour un impact imm\u00e9diat.<\/p>\n\n\n\n<div class=\"wp-block-buttons is-content-justification-center is-layout-flex wp-container-core-buttons-is-layout-a89b3969 wp-block-buttons-is-layout-flex\"><\/div>\n<\/div>\n<\/aside>\n\n\n\n<div class=\"wp-block-group has-accent-6-background-color has-background has-global-padding is-layout-constrained wp-container-core-group-is-layout-d2702112 wp-block-group-is-layout-constrained\" style=\"padding-top:var(--wp--preset--spacing--30);padding-right:var(--wp--preset--spacing--40);padding-bottom:var(--wp--preset--spacing--30);padding-left:var(--wp--preset--spacing--40)\">\n<h2 class=\"wp-block-heading\" style=\"padding-top:var(--wp--preset--spacing--30);padding-bottom:var(--wp--preset--spacing--30)\">Les b\u00e9n\u00e9fices concrets pour votre entreprise<\/h2>\n\n\n\n<p style=\"margin-top:var(--wp--preset--spacing--40);margin-right:0;margin-bottom:var(--wp--preset--spacing--40);margin-left:0\">Investir dans la relaxation oculaire de vos collaborateurs, c&rsquo;est :<\/p>\n\n\n\n<ul class=\"wp-block-list\">\n<li>Diminuer l&rsquo;absent\u00e9isme et le pr\u00e9sent\u00e9isme li\u00e9s aux maux de t\u00eate et \u00e0 la fatigue visuelle.<\/li>\n\n\n\n<li>Accro\u00eetre la satisfaction et l&rsquo;engagement de vos employ\u00e9s.<\/li>\n\n\n\n<li>Am\u00e9liorer significativement la Qualit\u00e9 de Vie au Travail.<\/li>\n\n\n\n<li>Renforcer l&rsquo;image de votre entreprise en tant qu&#8217;employeur soucieux de ses \u00e9quipes.<\/li>\n<\/ul>\n<\/div>\n\n\n\n<div class=\"wp-block-group has-global-padding is-layout-constrained wp-block-group-is-layout-constrained\">\n<h2 class=\"wp-block-heading\">Agissez pour le plein potentiel de vos \u00e9quipes<\/h2>\n\n\n\n<p>Offrez \u00e0 vos collaborateurs la possibilit\u00e9 de retrouver une vision claire et un esprit apais\u00e9. Contactez ICIPAUSE pour une solution sur mesure, con\u00e7ue pour le bien-\u00eatre visuel et la performance de votre entreprise. Nous aidons vos collaborateurs \u00e0 rel\u00e2cher les contraintes oculaires.<\/p>\n<\/div>\n\n\n\n<p><\/p>\n","protected":false},"excerpt":{"rendered":"<p>R\u00e9duire la fatigue visuelle moins de tension, plus de clart\u00e9 La solution ICIPAUSE pour vos \u00e9quipes La fatigue visuelle en entreprise un enjeu majeur, un d\u00e9fi Dans le monde professionnel, nos yeux sont soumis \u00e0 une sollicitation constante et intense. Des heures pass\u00e9es devant les \u00e9crans d&rsquo;ordinateurs, de tablettes et de smartphones ou d\u2019autres t\u00e2ches [&hellip;]<\/p>\n","protected":false},"author":1,"featured_media":0,"parent":0,"menu_order":0,"comment_status":"closed","ping_status":"closed","template":"","meta":{"footnotes":""},"class_list":["post-40","page","type-page","status-publish","hentry"],"_links":{"self":[{"href":"https:\/\/icipause.com\/index.php\/wp-json\/wp\/v2\/pages\/40","targetHints":{"allow":["GET"]}}],"collection":[{"href":"https:\/\/icipause.com\/index.php\/wp-json\/wp\/v2\/pages"}],"about":[{"href":"https:\/\/icipause.com\/index.php\/wp-json\/wp\/v2\/types\/page"}],"author":[{"embeddable":true,"href":"https:\/\/icipause.com\/index.php\/wp-json\/wp\/v2\/users\/1"}],"replies":[{"embeddable":true,"href":"https:\/\/icipause.com\/index.php\/wp-json\/wp\/v2\/comments?post=40"}],"version-history":[{"count":9,"href":"https:\/\/icipause.com\/index.php\/wp-json\/wp\/v2\/pages\/40\/revisions"}],"predecessor-version":[{"id":221,"href":"https:\/\/icipause.com\/index.php\/wp-json\/wp\/v2\/pages\/40\/revisions\/221"}],"wp:attachment":[{"href":"https:\/\/icipause.com\/index.php\/wp-json\/wp\/v2\/media?parent=40"}],"curies":[{"name":"wp","href":"https:\/\/api.w.org\/{rel}","templated":true}]}}