{"id":36,"date":"2025-08-01T19:12:38","date_gmt":"2025-08-01T19:12:38","guid":{"rendered":"https:\/\/icipause.com\/?page_id=36"},"modified":"2025-08-11T13:22:37","modified_gmt":"2025-08-11T13:22:37","slug":"la-ceremonie-du-the-gong-fu-cha","status":"publish","type":"page","link":"https:\/\/icipause.com\/index.php\/la-ceremonie-du-the-gong-fu-cha\/","title":{"rendered":"C\u00e9r\u00e9monie du Th\u00e9 Gong Fu Cha"},"content":{"rendered":"\n<div class=\"wp-block-group alignwide has-global-padding is-layout-constrained wp-block-group-is-layout-constrained\"><nav class=\"has-text-color has-base-color has-background has-accent-4-background-color is-responsive alignwide wp-block-navigation is-layout-flex wp-block-navigation-is-layout-flex\" aria-label=\"Menu\" \n\t\t data-wp-interactive=\"core\/navigation\" data-wp-context='{\"overlayOpenedBy\":{\"click\":false,\"hover\":false,\"focus\":false},\"type\":\"overlay\",\"roleAttribute\":\"\",\"ariaLabel\":\"Menu\"}'><button aria-haspopup=\"dialog\" aria-label=\"Ouvrir le menu\" class=\"wp-block-navigation__responsive-container-open\" \n\t\t\t\tdata-wp-on--click=\"actions.openMenuOnClick\"\n\t\t\t\tdata-wp-on--keydown=\"actions.handleMenuKeydown\"\n\t\t\t><svg width=\"24\" height=\"24\" xmlns=\"http:\/\/www.w3.org\/2000\/svg\" viewBox=\"0 0 24 24\"><path d=\"M5 5v1.5h14V5H5z\"><\/path><path d=\"M5 12.8h14v-1.5H5v1.5z\"><\/path><path d=\"M5 19h14v-1.5H5V19z\"><\/path><\/svg><\/button>\n\t\t\t\t<div class=\"wp-block-navigation__responsive-container\"  id=\"modal-1\" \n\t\t\t\tdata-wp-class--has-modal-open=\"state.isMenuOpen\"\n\t\t\t\tdata-wp-class--is-menu-open=\"state.isMenuOpen\"\n\t\t\t\tdata-wp-watch=\"callbacks.initMenu\"\n\t\t\t\tdata-wp-on--keydown=\"actions.handleMenuKeydown\"\n\t\t\t\tdata-wp-on--focusout=\"actions.handleMenuFocusout\"\n\t\t\t\ttabindex=\"-1\"\n\t\t\t>\n\t\t\t\t\t<div class=\"wp-block-navigation__responsive-close\" tabindex=\"-1\">\n\t\t\t\t\t\t<div class=\"wp-block-navigation__responsive-dialog\" \n\t\t\t\tdata-wp-bind--aria-modal=\"state.ariaModal\"\n\t\t\t\tdata-wp-bind--aria-label=\"state.ariaLabel\"\n\t\t\t\tdata-wp-bind--role=\"state.roleAttribute\"\n\t\t\t>\n\t\t\t\t\t\t\t<button aria-label=\"Fermer le menu\" class=\"wp-block-navigation__responsive-container-close\" \n\t\t\t\tdata-wp-on--click=\"actions.closeMenuOnClick\"\n\t\t\t><svg xmlns=\"http:\/\/www.w3.org\/2000\/svg\" viewBox=\"0 0 24 24\" width=\"24\" height=\"24\" aria-hidden=\"true\" focusable=\"false\"><path d=\"m13.06 12 6.47-6.47-1.06-1.06L12 10.94 5.53 4.47 4.47 5.53 10.94 12l-6.47 6.47 1.06 1.06L12 13.06l6.47 6.47 1.06-1.06L13.06 12Z\"><\/path><\/svg><\/button>\n\t\t\t\t\t\t\t<div class=\"wp-block-navigation__responsive-container-content\" \n\t\t\t\tdata-wp-watch=\"callbacks.focusFirstElement\"\n\t\t\t id=\"modal-1-content\">\n\t\t\t\t\t\t\t\t<ul class=\"wp-block-navigation__container has-text-color has-base-color has-background has-accent-4-background-color is-responsive alignwide wp-block-navigation\"><li class=\" wp-block-navigation-item wp-block-navigation-link\"><a class=\"wp-block-navigation-item__content\"  href=\"https:\/\/icipause.com\/index.php\/relaxation-oculaire\/\"><span class=\"wp-block-navigation-item__label\">Relaxation oculaire<\/span><\/a><\/li><li class=\" wp-block-navigation-item wp-block-navigation-link\"><a class=\"wp-block-navigation-item__content\"  href=\"https:\/\/icipause.com\/index.php\/sons-et-vibrations\/\"><span class=\"wp-block-navigation-item__label\">Sons et Vibrations<\/span><\/a><\/li><li class=\" wp-block-navigation-item wp-block-navigation-link\"><a class=\"wp-block-navigation-item__content\"  href=\"https:\/\/icipause.com\/index.php\/respiration-consciente\/\"><span class=\"wp-block-navigation-item__label\">Respiration Consciente<\/span><\/a><\/li><li class=\" wp-block-navigation-item wp-block-navigation-link\"><a class=\"wp-block-navigation-item__content\"  href=\"https:\/\/icipause.com\/index.php\/icipause-pour-les-entreprises\/\"><span class=\"wp-block-navigation-item__label\">Entreprises<\/span><\/a><\/li><li class=\" wp-block-navigation-item wp-block-navigation-link\"><a class=\"wp-block-navigation-item__content\"  href=\"https:\/\/icipause.com\/index.php\/la-ceremonie-du-the-gong-fu-cha\/\"><span class=\"wp-block-navigation-item__label\">C\u00e9r\u00e9monie du Th\u00e9<\/span><\/a><\/li><\/ul>\n\t\t\t\t\t\t\t<\/div>\n\t\t\t\t\t\t<\/div>\n\t\t\t\t\t<\/div>\n\t\t\t\t<\/div><\/nav><\/div>\n\n\n\n<div class=\"wp-block-group alignfull is-style-section-2 has-background has-global-padding is-layout-constrained wp-block-group-is-layout-constrained is-style-section-2--2\" style=\"background-color:#ffe6e6;margin-top:0;margin-bottom:0;padding-top:var(--wp--preset--spacing--60);padding-bottom:var(--wp--preset--spacing--60)\">\n<div class=\"wp-block-columns alignwide is-layout-flex wp-container-core-columns-is-layout-643ced6b wp-block-columns-is-layout-flex\">\n<div class=\"wp-block-column is-layout-flow wp-block-column-is-layout-flow\" style=\"flex-basis:40%\">\n<p class=\"has-text-align-left has-background\" style=\"background-color:#f7b5b5;padding-top:var(--wp--preset--spacing--30);padding-right:var(--wp--preset--spacing--30);padding-bottom:var(--wp--preset--spacing--30);padding-left:var(--wp--preset--spacing--30)\">Un Plus pour Votre S\u00e9r\u00e9nit\u00e9<\/p>\n\n\n\n<h2 class=\"wp-block-heading has-text-align-center has-x-large-font-size\">C\u00e9r\u00e9monie du Th\u00e9 Chinois<br>QONG FU CHA<\/h2>\n\n\n\n<figure class=\"wp-block-image size-full\" style=\"margin-bottom:24px\"><img loading=\"lazy\" decoding=\"async\" width=\"1270\" height=\"846\" src=\"https:\/\/icipause.com\/wp-content\/uploads\/2025\/08\/GONG-FU-CHA-001-1.jpg\" alt=\"\" class=\"wp-image-84\" style=\"aspect-ratio:4\/3;object-fit:cover\" srcset=\"https:\/\/icipause.com\/wp-content\/uploads\/2025\/08\/GONG-FU-CHA-001-1.jpg 1270w, https:\/\/icipause.com\/wp-content\/uploads\/2025\/08\/GONG-FU-CHA-001-1-300x200.jpg 300w, https:\/\/icipause.com\/wp-content\/uploads\/2025\/08\/GONG-FU-CHA-001-1-1024x682.jpg 1024w, https:\/\/icipause.com\/wp-content\/uploads\/2025\/08\/GONG-FU-CHA-001-1-768x512.jpg 768w\" sizes=\"auto, (max-width: 1270px) 100vw, 1270px\" \/><\/figure>\n\n\n\n<p class=\"has-accent-5-background-color has-background has-x-large-font-size\" style=\"padding-top:var(--wp--preset--spacing--30);padding-right:var(--wp--preset--spacing--30);padding-bottom:var(--wp--preset--spacing--30);padding-left:var(--wp--preset--spacing--30)\">Pour tout public<\/p>\n<\/div>\n\n\n\n<div class=\"wp-block-column is-vertically-aligned-center is-layout-flow wp-container-core-column-is-layout-119bc444 wp-block-column-is-layout-flow\" style=\"flex-basis:60%\">\n<h2 class=\"wp-block-heading has-xx-large-font-size\">La C\u00e9r\u00e9monie du Th\u00e9 GONG FU CHA : Un Art de s\u00e9r\u00e9nit\u00e9<\/h2>\n\n\n\n<p>Plongez dans l&rsquo;univers apaisant de la C\u00e9r\u00e9monie du Th\u00e9 Chinois GONG FU CHA, bien plus qu&rsquo;une simple d\u00e9gustation. C&rsquo;est un rituel m\u00e9ditatif ancestral qui \u00e9veille les sens et invite \u00e0 une profonde pleine conscience. Chaque geste, chaque effluve, chaque saveur devient une porte vers le calme int\u00e9rieur, tous les sens sont en \u00e9veil.<\/p>\n\n\n\n<p><\/p>\n<\/div>\n<\/div>\n<\/div>\n\n\n\n<div class=\"wp-block-group alignfull is-style-section-5 has-accent-4-color has-text-color has-background has-link-color wp-elements-5b764be73e0035afb095af71fc8a2d39 has-global-padding is-layout-constrained wp-block-group-is-layout-constrained is-style-section-5--3\" style=\"background-color:#dbe7ff;margin-top:0;margin-bottom:0;padding-top:var(--wp--preset--spacing--50);padding-bottom:var(--wp--preset--spacing--50)\">\n<div class=\"wp-block-columns alignwide is-layout-flex wp-container-core-columns-is-layout-7ee84d44 wp-block-columns-is-layout-flex\">\n<div class=\"wp-block-column is-vertically-aligned-center is-layout-flow wp-block-column-is-layout-flow\" style=\"flex-basis:50%\">\n<h2 class=\"wp-block-heading\">Votre Pause Personnalis\u00e9e<\/h2>\n\n\n\n<p class=\"has-medium-font-size\">La C\u00e9r\u00e9monie du Th\u00e9 chinois QONG FU CHA s&rsquo;adapte \u00e0 vos besoins :<\/p>\n\n\n\n<ul class=\"wp-block-list\">\n<li>Activit\u00e9 ind\u00e9pendante : Offrez-vous un moment de pure \u00e9vasion et de ressourcement, sans pr\u00e9requis. C&rsquo;est une exp\u00e9rience compl\u00e8te en soi.<\/li>\n\n\n\n<li> Compl\u00e9ment \u00e0 votre pratique : Prolongez et ancrez les bienfaits de nos modules de relaxation (Relaxation Oculaire, Sons Voyelles, Respiration) par cette bulle de s\u00e9r\u00e9nit\u00e9. Elle peut \u00eatre ajout\u00e9e \u00e0 votre s\u00e9ance pour un bien-\u00eatre prolong\u00e9.<\/li>\n<\/ul>\n\n\n\n<p class=\"has-medium-font-size\">Venez d\u00e9couvrir cet art du th\u00e9. Un voyage sensoriel et m\u00e9ditatif vous attend pour retrouver un \u00e9quilibre pr\u00e9cieux.<\/p>\n<\/div>\n\n\n\n<div class=\"wp-block-column is-vertically-aligned-center is-layout-flow wp-block-column-is-layout-flow\" style=\"flex-basis:50%\"><\/div>\n<\/div>\n<\/div>\n","protected":false},"excerpt":{"rendered":"<p>Un Plus pour Votre S\u00e9r\u00e9nit\u00e9 C\u00e9r\u00e9monie du Th\u00e9 ChinoisQONG FU CHA Pour tout public La C\u00e9r\u00e9monie du Th\u00e9 GONG FU CHA : Un Art de s\u00e9r\u00e9nit\u00e9 Plongez dans l&rsquo;univers apaisant de la C\u00e9r\u00e9monie du Th\u00e9 Chinois GONG FU CHA, bien plus qu&rsquo;une simple d\u00e9gustation. C&rsquo;est un rituel m\u00e9ditatif ancestral qui \u00e9veille les sens et invite [&hellip;]<\/p>\n","protected":false},"author":1,"featured_media":0,"parent":0,"menu_order":0,"comment_status":"closed","ping_status":"closed","template":"","meta":{"footnotes":""},"class_list":["post-36","page","type-page","status-publish","hentry"],"_links":{"self":[{"href":"https:\/\/icipause.com\/index.php\/wp-json\/wp\/v2\/pages\/36","targetHints":{"allow":["GET"]}}],"collection":[{"href":"https:\/\/icipause.com\/index.php\/wp-json\/wp\/v2\/pages"}],"about":[{"href":"https:\/\/icipause.com\/index.php\/wp-json\/wp\/v2\/types\/page"}],"author":[{"embeddable":true,"href":"https:\/\/icipause.com\/index.php\/wp-json\/wp\/v2\/users\/1"}],"replies":[{"embeddable":true,"href":"https:\/\/icipause.com\/index.php\/wp-json\/wp\/v2\/comments?post=36"}],"version-history":[{"count":5,"href":"https:\/\/icipause.com\/index.php\/wp-json\/wp\/v2\/pages\/36\/revisions"}],"predecessor-version":[{"id":205,"href":"https:\/\/icipause.com\/index.php\/wp-json\/wp\/v2\/pages\/36\/revisions\/205"}],"wp:attachment":[{"href":"https:\/\/icipause.com\/index.php\/wp-json\/wp\/v2\/media?parent=36"}],"curies":[{"name":"wp","href":"https:\/\/api.w.org\/{rel}","templated":true}]}}